{"id":131,"date":"2015-04-30T20:09:03","date_gmt":"2015-04-30T20:09:03","guid":{"rendered":"http:\/\/www.salesianobelgrano.edu.ar\/?page_id=131"},"modified":"2015-05-30T16:59:38","modified_gmt":"2015-05-30T16:59:38","slug":"salesianos-cooperadores","status":"publish","type":"page","link":"https:\/\/www.salesianobelgrano.edu.ar\/?page_id=131","title":{"rendered":"Salesianos Cooperadores"},"content":{"rendered":"<p><strong>HISTORIA<\/strong><br \/>\nDon Bosco era un hombre pr\u00e1ctico y emprendedor, trabajador encansable y creativo que puso todas sus energ\u00edas en un gran proyecto apost\u00f3lico: la educaci\u00f3n humana y cristiana de los j\u00f3venes.<br \/>\nConvencido de ser llamado por Dios para esta misi\u00f3n, fund\u00f3 oratorios, escuelas, laboratorios; ayud\u00f3 a encontrar trabajo a tantos j\u00f3venes, se comprometi\u00f3 por la evangelizaci\u00f3n de las clases populares y las misiones.<br \/>\nPara realizar su proyecto apost\u00f3lico, involucr\u00f3 desde el inicio de su obra a tantos laicos, hombres y mujeres, unidos en una asociaci\u00f3n: Los Salesianos Cooperadores.<br \/>\nEscribi\u00f3 una regla de vida espiritual, simple pero rica en contenido. Un estilo caracter\u00edstico: el salesiano, que expresa y destaca en particular algunos de los valores del Evangelio: fuerte en caridad pastoral, dinamismo juvenil, sentido de Iglesia, esp\u00edritu de familia, optimismo, alegr\u00eda.<\/p>\n<p><strong>\u00bfQUI\u00c9NES SOMOS?<\/strong><br \/>\nLaicos y Laicas de religi\u00f3n cat\u00f3lica o miembros del clero diocesano, que, atra\u00eddos por la figura de Don Bosco, que viven en condici\u00f3n secular el mismo carisma de la Sociedad de San Francisco de Sales.<\/p>\n<p>Llamados a colaborar en la misi\u00f3n de la salvaci\u00f3n del y de los j\u00f3venes, especialmente los m\u00e1s pobres y abandonados.<\/p>\n<p><strong>\u00bfQU\u00c9 HACEMOS?<\/strong><br \/>\nNos comprometemos a responder a la vocaci\u00f3n salesiana, son del Esp\u00edritu Santo; asumiendo una forma espec\u00edfica de vivir el Evangelio y de participar en la misi\u00f3n de la Iglesia.<br \/>\nEn particular, la actividad de los SSCC se desarrolla en la diferentes estructuras en las que su condici\u00f3n secular les ofrece mayores posibilidades de inserci\u00f3n:<\/p>\n<ul>\n<li>En aquellas civiles, culturales, socioecon\u00f3micas y pol\u00edticas.<\/li>\n<li>En aquellas eclesiales.<\/li>\n<li>En aquellas animadas por los Salesianos de Don Bosco, las Hijas de Mar\u00eda Auxiliadora o de otros grupos de la Familia Salesiana, en particular en los Oratorios, en los Centros Juveniles y en las Escuelas.<\/li>\n<\/ul>\n<p><strong>REUNIONES<br \/>\n<\/strong><span style=\"line-height: 1.5;\">Los primeros y terceros mi\u00e9rcoles de cada mes, de 19 a 21 horas, en el Colegio Salesiano Gral. Belgrano.<\/span><\/p>\n<p>Contacto:<strong>\u00a0salesianoscooperadores@salesianobelgrano.org<\/strong><\/p>\n<p>&nbsp;<\/p>\n","protected":false},"excerpt":{"rendered":"<p>HISTORIA Don Bosco era un hombre pr\u00e1ctico y emprendedor, trabajador encansable y creativo que puso todas sus energ\u00edas en un gran proyecto apost\u00f3lico: la educaci\u00f3n humana y cristiana de los j\u00f3venes. Convencido de ser llamado por Dios para esta misi\u00f3n, fund\u00f3 oratorios, escuelas, laboratorios; ayud\u00f3 a encontrar trabajo a tantos j\u00f3venes, se comprometi\u00f3 por la &hellip; <a href=\"https:\/\/www.salesianobelgrano.edu.ar\/?page_id=131\" class=\"more-link\">Sigue leyendo <span class=\"screen-reader-text\">Salesianos Cooperadores<\/span><\/a><\/p>\n","protected":false},"author":1,"featured_media":146,"parent":129,"menu_order":0,"comment_status":"open","ping_status":"open","template":"","meta":{"ngg_post_thumbnail":0,"footnotes":""},"class_list":["post-131","page","type-page","status-publish","has-post-thumbnail","hentry"],"_links":{"self":[{"href":"https:\/\/www.salesianobelgrano.edu.ar\/index.php?rest_route=\/wp\/v2\/pages\/131","targetHints":{"allow":["GET"]}}],"collection":[{"href":"https:\/\/www.salesianobelgrano.edu.ar\/index.php?rest_route=\/wp\/v2\/pages"}],"about":[{"href":"https:\/\/www.salesianobelgrano.edu.ar\/index.php?rest_route=\/wp\/v2\/types\/page"}],"author":[{"embeddable":true,"href":"https:\/\/www.salesianobelgrano.edu.ar\/index.php?rest_route=\/wp\/v2\/users\/1"}],"replies":[{"embeddable":true,"href":"https:\/\/www.salesianobelgrano.edu.ar\/index.php?rest_route=%2Fwp%2Fv2%2Fcomments&post=131"}],"version-history":[{"count":12,"href":"https:\/\/www.salesianobelgrano.edu.ar\/index.php?rest_route=\/wp\/v2\/pages\/131\/revisions"}],"predecessor-version":[{"id":717,"href":"https:\/\/www.salesianobelgrano.edu.ar\/index.php?rest_route=\/wp\/v2\/pages\/131\/revisions\/717"}],"up":[{"embeddable":true,"href":"https:\/\/www.salesianobelgrano.edu.ar\/index.php?rest_route=\/wp\/v2\/pages\/129"}],"wp:featuredmedia":[{"embeddable":true,"href":"https:\/\/www.salesianobelgrano.edu.ar\/index.php?rest_route=\/wp\/v2\/media\/146"}],"wp:attachment":[{"href":"https:\/\/www.salesianobelgrano.edu.ar\/index.php?rest_route=%2Fwp%2Fv2%2Fmedia&parent=131"}],"curies":[{"name":"wp","href":"https:\/\/api.w.org\/{rel}","templated":true}]}}