{"id":155,"date":"2015-05-22T20:04:07","date_gmt":"2015-05-22T20:04:07","guid":{"rendered":"http:\/\/www.salesianobelgrano.edu.ar\/?page_id=155"},"modified":"2019-07-19T00:19:52","modified_gmt":"2019-07-19T00:19:52","slug":"ajedrez","status":"publish","type":"page","link":"https:\/\/www.salesianobelgrano.edu.ar\/?page_id=155","title":{"rendered":"Ajedrez"},"content":{"rendered":"<p>El <strong>ajedrez<\/strong> ha gozado siempre de un gran prestigio social. A veces es visto como algo dif\u00edcil y s\u00f3lo asequible para los intelectuales. Sin embargo, la realidad es otra. A los ni\u00f1os y j\u00f3venes les ofrece un divertimento sano que les ayuda a tomar decisiones y a aceptar sus consecuencias junto al acatamiento de reglas. A los adultos les provee un medio de expresi\u00f3n creativa. Es que el ajedrez es a la vez arte, ciencia y juego.<\/p>\n<p><strong>EL AJEDREZ EN NUESTRO PA\u00cdS Y EN NUESTRA PROVINCIA<br \/>\n<\/strong><span style=\"line-height: 1.5;\">Nuestro pa\u00eds es poseedor de una larga y rica tradici\u00f3n ajedrec\u00edstica. Hist\u00f3ricamente ha sido el m\u00e1s fuerte de Sudam\u00e9rica y junto con EE.UU. uno de los dos m\u00e1s fuertes de Am\u00e9rica. Ha tenido grandes jugadores y much\u00edsimos clubes dedicados a la actividad.<br \/>\n<\/span><span style=\"line-height: 1.5;\"><br \/>\n<\/span><span style=\"line-height: 1.5;\">Tucum\u00e1n ha sido varias veces campe\u00f3n argentino por equipos e individualmente sus representantes siempre han cumplido actuaciones destacadas en los eventos nacionales. Luego de un per\u00edodo de crisis el ajedrez tucumano hoy transita una etapa de revalorizaci\u00f3n y expansi\u00f3n que le augura un buen futuro.<\/span><\/p>\n<p><strong>AJEDREZ EN NUESTRO COLEGIO<br \/>\n<\/strong><span style=\"line-height: 1.5;\">Desde hace 5 a\u00f1os que el taller de ajedrez funciona en el Colegio. Se ha ganado un espacio que se mantiene en el tiempo y que ha generado grandes satisfacciones, como los logros de varios de nuestros alumnos en las distintas competencias intercolegiales tanto individuales como por equipos. \u00c9xitos en los torneos de la Liga de Ajedrez Escolar de Tucum\u00e1n, en los Torneos Evita, en las semanas estudiantiles y hasta alguna participaci\u00f3n en torneos federados avalan esta afirmaci\u00f3n.<\/span><\/p>\n<p><!-- index.php -->\n<div\n\tclass=\"ngg-galleryoverview\n\t ngg-ajax-pagination-none\t\"\n\tid=\"ngg-gallery-62b5d1788771e11c3610fb8a95a1251e-1\">\n\n\t\t\t<!-- Thumbnails -->\n\t\t\t\t<div id=\"ngg-image-0\" class=\"ngg-gallery-thumbnail-box\" \n\t\t\t\t\t\t\t\t\t\t\t>\n\t\t\t\t\t\t<div class=\"ngg-gallery-thumbnail\">\n\t\t\t<a href=\"https:\/\/www.salesianobelgrano.edu.ar\/wp-content\/gallery\/grupo-ajedrez\/ajedrez01.jpg\"\n\t\t\t\ttitle=\"\"\n\t\t\t\tdata-src=\"https:\/\/www.salesianobelgrano.edu.ar\/wp-content\/gallery\/grupo-ajedrez\/ajedrez01.jpg\"\n\t\t\t\tdata-thumbnail=\"https:\/\/www.salesianobelgrano.edu.ar\/wp-content\/gallery\/grupo-ajedrez\/thumbs\/thumbs_ajedrez01.jpg\"\n\t\t\t\tdata-image-id=\"125\"\n\t\t\t\tdata-title=\"ajedrez01\"\n\t\t\t\tdata-description=\"\"\n\t\t\t\tdata-image-slug=\"ajedrez01\"\n\t\t\t\tclass='thickbox' rel='62b5d1788771e11c3610fb8a95a1251e'>\n\t\t\t\t<img\n\t\t\t\t\ttitle=\"ajedrez01\"\n\t\t\t\t\talt=\"ajedrez01\"\n\t\t\t\t\tsrc=\"https:\/\/www.salesianobelgrano.edu.ar\/wp-content\/gallery\/grupo-ajedrez\/cache\/ajedrez01.jpg-nggid03125-ngg0dyn-100x80x100-00f0w010c011r110f110r010t010.jpg\"\n\t\t\t\t\twidth=\"100\"\n\t\t\t\t\theight=\"80\"\n\t\t\t\t\tstyle=\"max-width:100%;\"\n\t\t\t\t\/>\n\t\t\t<\/a>\n\t\t<\/div>\n\t\t\t\t\t\t\t<\/div> \n\t\t\t\n\t\t\t\t\t\t\t\n\t\t\t\t<div id=\"ngg-image-1\" class=\"ngg-gallery-thumbnail-box\" \n\t\t\t\t\t\t\t\t\t\t\t>\n\t\t\t\t\t\t<div class=\"ngg-gallery-thumbnail\">\n\t\t\t<a href=\"https:\/\/www.salesianobelgrano.edu.ar\/wp-content\/gallery\/grupo-ajedrez\/ajedrez02.jpg\"\n\t\t\t\ttitle=\"\"\n\t\t\t\tdata-src=\"https:\/\/www.salesianobelgrano.edu.ar\/wp-content\/gallery\/grupo-ajedrez\/ajedrez02.jpg\"\n\t\t\t\tdata-thumbnail=\"https:\/\/www.salesianobelgrano.edu.ar\/wp-content\/gallery\/grupo-ajedrez\/thumbs\/thumbs_ajedrez02.jpg\"\n\t\t\t\tdata-image-id=\"126\"\n\t\t\t\tdata-title=\"ajedrez02\"\n\t\t\t\tdata-description=\"\"\n\t\t\t\tdata-image-slug=\"ajedrez02\"\n\t\t\t\tclass='thickbox' rel='62b5d1788771e11c3610fb8a95a1251e'>\n\t\t\t\t<img\n\t\t\t\t\ttitle=\"ajedrez02\"\n\t\t\t\t\talt=\"ajedrez02\"\n\t\t\t\t\tsrc=\"https:\/\/www.salesianobelgrano.edu.ar\/wp-content\/gallery\/grupo-ajedrez\/cache\/ajedrez02.jpg-nggid03126-ngg0dyn-100x80x100-00f0w010c011r110f110r010t010.jpg\"\n\t\t\t\t\twidth=\"100\"\n\t\t\t\t\theight=\"80\"\n\t\t\t\t\tstyle=\"max-width:100%;\"\n\t\t\t\t\/>\n\t\t\t<\/a>\n\t\t<\/div>\n\t\t\t\t\t\t\t<\/div> \n\t\t\t\n\t\t\t\t\t\t\t\n\t\t\t\t<div id=\"ngg-image-2\" class=\"ngg-gallery-thumbnail-box\" \n\t\t\t\t\t\t\t\t\t\t\t>\n\t\t\t\t\t\t<div class=\"ngg-gallery-thumbnail\">\n\t\t\t<a href=\"https:\/\/www.salesianobelgrano.edu.ar\/wp-content\/gallery\/grupo-ajedrez\/ajedrez03.jpg\"\n\t\t\t\ttitle=\"\"\n\t\t\t\tdata-src=\"https:\/\/www.salesianobelgrano.edu.ar\/wp-content\/gallery\/grupo-ajedrez\/ajedrez03.jpg\"\n\t\t\t\tdata-thumbnail=\"https:\/\/www.salesianobelgrano.edu.ar\/wp-content\/gallery\/grupo-ajedrez\/thumbs\/thumbs_ajedrez03.jpg\"\n\t\t\t\tdata-image-id=\"127\"\n\t\t\t\tdata-title=\"ajedrez03\"\n\t\t\t\tdata-description=\"\"\n\t\t\t\tdata-image-slug=\"ajedrez03\"\n\t\t\t\tclass='thickbox' rel='62b5d1788771e11c3610fb8a95a1251e'>\n\t\t\t\t<img\n\t\t\t\t\ttitle=\"ajedrez03\"\n\t\t\t\t\talt=\"ajedrez03\"\n\t\t\t\t\tsrc=\"https:\/\/www.salesianobelgrano.edu.ar\/wp-content\/gallery\/grupo-ajedrez\/cache\/ajedrez03.jpg-nggid03127-ngg0dyn-100x80x100-00f0w010c011r110f110r010t010.jpg\"\n\t\t\t\t\twidth=\"100\"\n\t\t\t\t\theight=\"80\"\n\t\t\t\t\tstyle=\"max-width:100%;\"\n\t\t\t\t\/>\n\t\t\t<\/a>\n\t\t<\/div>\n\t\t\t\t\t\t\t<\/div> \n\t\t\t\n\t\t\t\t\t\t\t\n\t\t\t\t<div id=\"ngg-image-3\" class=\"ngg-gallery-thumbnail-box\" \n\t\t\t\t\t\t\t\t\t\t\t>\n\t\t\t\t\t\t<div class=\"ngg-gallery-thumbnail\">\n\t\t\t<a href=\"https:\/\/www.salesianobelgrano.edu.ar\/wp-content\/gallery\/grupo-ajedrez\/ajedrez04.jpg\"\n\t\t\t\ttitle=\"\"\n\t\t\t\tdata-src=\"https:\/\/www.salesianobelgrano.edu.ar\/wp-content\/gallery\/grupo-ajedrez\/ajedrez04.jpg\"\n\t\t\t\tdata-thumbnail=\"https:\/\/www.salesianobelgrano.edu.ar\/wp-content\/gallery\/grupo-ajedrez\/thumbs\/thumbs_ajedrez04.jpg\"\n\t\t\t\tdata-image-id=\"128\"\n\t\t\t\tdata-title=\"ajedrez04\"\n\t\t\t\tdata-description=\"\"\n\t\t\t\tdata-image-slug=\"ajedrez04\"\n\t\t\t\tclass='thickbox' rel='62b5d1788771e11c3610fb8a95a1251e'>\n\t\t\t\t<img\n\t\t\t\t\ttitle=\"ajedrez04\"\n\t\t\t\t\talt=\"ajedrez04\"\n\t\t\t\t\tsrc=\"https:\/\/www.salesianobelgrano.edu.ar\/wp-content\/gallery\/grupo-ajedrez\/cache\/ajedrez04.jpg-nggid03128-ngg0dyn-100x80x100-00f0w010c011r110f110r010t010.jpg\"\n\t\t\t\t\twidth=\"100\"\n\t\t\t\t\theight=\"80\"\n\t\t\t\t\tstyle=\"max-width:100%;\"\n\t\t\t\t\/>\n\t\t\t<\/a>\n\t\t<\/div>\n\t\t\t\t\t\t\t<\/div> \n\t\t\t\n\t\t\t\t\t\t\t\n\t\t\t\t<div id=\"ngg-image-4\" class=\"ngg-gallery-thumbnail-box\" \n\t\t\t\t\t\t\t\t\t\t\t>\n\t\t\t\t\t\t<div class=\"ngg-gallery-thumbnail\">\n\t\t\t<a href=\"https:\/\/www.salesianobelgrano.edu.ar\/wp-content\/gallery\/grupo-ajedrez\/ajedrez05.jpg\"\n\t\t\t\ttitle=\"\"\n\t\t\t\tdata-src=\"https:\/\/www.salesianobelgrano.edu.ar\/wp-content\/gallery\/grupo-ajedrez\/ajedrez05.jpg\"\n\t\t\t\tdata-thumbnail=\"https:\/\/www.salesianobelgrano.edu.ar\/wp-content\/gallery\/grupo-ajedrez\/thumbs\/thumbs_ajedrez05.jpg\"\n\t\t\t\tdata-image-id=\"129\"\n\t\t\t\tdata-title=\"ajedrez05\"\n\t\t\t\tdata-description=\"\"\n\t\t\t\tdata-image-slug=\"ajedrez05\"\n\t\t\t\tclass='thickbox' rel='62b5d1788771e11c3610fb8a95a1251e'>\n\t\t\t\t<img\n\t\t\t\t\ttitle=\"ajedrez05\"\n\t\t\t\t\talt=\"ajedrez05\"\n\t\t\t\t\tsrc=\"https:\/\/www.salesianobelgrano.edu.ar\/wp-content\/gallery\/grupo-ajedrez\/cache\/ajedrez05.jpg-nggid03129-ngg0dyn-100x80x100-00f0w010c011r110f110r010t010.jpg\"\n\t\t\t\t\twidth=\"100\"\n\t\t\t\t\theight=\"80\"\n\t\t\t\t\tstyle=\"max-width:100%;\"\n\t\t\t\t\/>\n\t\t\t<\/a>\n\t\t<\/div>\n\t\t\t\t\t\t\t<\/div> \n\t\t\t\n\t\t\t\t\t\t\t\t\t<br style=\"clear: both\" \/>\n\t\t\t\t\t\n\t\t\n\t\t<!-- Pagination -->\n\t\t<div class='ngg-clear'><\/div>\t<\/div>\n<\/p>\n<p>Sin embargo, aunque es muy dif\u00edcil no asociar al ajedrez con la competencia, hay que resaltar que los principales fines del ajedrez escolar \u2013 a diferencia del ajedrez federado &#8211; son el desarrollo de las potencialidades de los ni\u00f1os y j\u00f3venes.<\/p>\n<p><strong>Taller a cargo del Profesor: Carlos Castillo<\/strong><\/p>\n","protected":false},"excerpt":{"rendered":"<p>El ajedrez ha gozado siempre de un gran prestigio social. A veces es visto como algo dif\u00edcil y s\u00f3lo asequible para los intelectuales. Sin embargo, la realidad es otra. A los ni\u00f1os y j\u00f3venes les ofrece un divertimento sano que les ayuda a tomar decisiones y a aceptar sus consecuencias junto al acatamiento de reglas. &hellip; <a href=\"https:\/\/www.salesianobelgrano.edu.ar\/?page_id=155\" class=\"more-link\">Sigue leyendo <span class=\"screen-reader-text\">Ajedrez<\/span><\/a><\/p>\n","protected":false},"author":1,"featured_media":0,"parent":88,"menu_order":0,"comment_status":"open","ping_status":"open","template":"","meta":{"ngg_post_thumbnail":0,"footnotes":""},"class_list":["post-155","page","type-page","status-publish","hentry"],"_links":{"self":[{"href":"https:\/\/www.salesianobelgrano.edu.ar\/index.php?rest_route=\/wp\/v2\/pages\/155","targetHints":{"allow":["GET"]}}],"collection":[{"href":"https:\/\/www.salesianobelgrano.edu.ar\/index.php?rest_route=\/wp\/v2\/pages"}],"about":[{"href":"https:\/\/www.salesianobelgrano.edu.ar\/index.php?rest_route=\/wp\/v2\/types\/page"}],"author":[{"embeddable":true,"href":"https:\/\/www.salesianobelgrano.edu.ar\/index.php?rest_route=\/wp\/v2\/users\/1"}],"replies":[{"embeddable":true,"href":"https:\/\/www.salesianobelgrano.edu.ar\/index.php?rest_route=%2Fwp%2Fv2%2Fcomments&post=155"}],"version-history":[{"count":10,"href":"https:\/\/www.salesianobelgrano.edu.ar\/index.php?rest_route=\/wp\/v2\/pages\/155\/revisions"}],"predecessor-version":[{"id":5412,"href":"https:\/\/www.salesianobelgrano.edu.ar\/index.php?rest_route=\/wp\/v2\/pages\/155\/revisions\/5412"}],"up":[{"embeddable":true,"href":"https:\/\/www.salesianobelgrano.edu.ar\/index.php?rest_route=\/wp\/v2\/pages\/88"}],"wp:attachment":[{"href":"https:\/\/www.salesianobelgrano.edu.ar\/index.php?rest_route=%2Fwp%2Fv2%2Fmedia&parent=155"}],"curies":[{"name":"wp","href":"https:\/\/api.w.org\/{rel}","templated":true}]}}