{"id":179,"date":"2015-05-22T20:33:03","date_gmt":"2015-05-22T20:33:03","guid":{"rendered":"http:\/\/www.salesianobelgrano.edu.ar\/?page_id=179"},"modified":"2024-02-20T22:02:40","modified_gmt":"2024-02-20T22:02:40","slug":"union-de-padres-de-familia","status":"publish","type":"page","link":"https:\/\/www.salesianobelgrano.edu.ar\/?page_id=179","title":{"rendered":"Uni\u00f3n de Padres de Familia"},"content":{"rendered":"<p>Es una asociaci\u00f3n integrada por los todos los padres cuyos hijos son alumnos del Colegio Salesiano Gral. Belgrano, y se constituye como canal de participaci\u00f3n.<br \/>\nSu finalidad es que los padres se ayuden entre s\u00ed a ser mejores padres.<\/p>\n<p><strong>INTEGRANTES<\/strong><br \/>\nSu accionar, es coordinado por un equipo integrado por un limitado n\u00famero de padres de familia, los cuales, son el nexo entre los miembros y las autoridades del Colegio.<\/p>\n<p><strong>OBJETIVOS<br \/>\n<\/strong><\/p>\n<ul>\n<li>Colaborar con la concreci\u00f3n de proyectos del colegio.<br \/>\nContribuir a la formaci\u00f3n de la persona de nuestros hijos haciendo de ellos \u201cBuenos cristianos y honrados ciudadanos\u201d.<\/li>\n<li>&nbsp;Desarrollar conciencia en nosotros, los padres, de que es en el seno familiar donde se fijan las bases fundamentales de la educaci\u00f3n y que somos los primeros responsables en la formaci\u00f3n de nuestros hijos.<\/li>\n<li>Ayudarnos entre todos, a trav\u00e9s del compartir fraterno, la formaci\u00f3n, el desarrollo de la vida de fe, a desempe\u00f1ar lo mejor posible nuestro rol indelegable de padres.<\/li>\n<\/ul>\n<p><strong>FUNCIONES<\/strong><\/p>\n<ul>\n<li>Fomentar la creaci\u00f3n de un ambiente comunitario de participaci\u00f3n, promoci\u00f3n y crecimiento donde se desarrollen actividades educativas complementarias, pastorales, culturales, recreativas, formativas sin injerencia en lo pedag\u00f3gico; que promuevan la integraci\u00f3n de la familia en la comunidad educativa y de esa manera contribuyan a la formaci\u00f3n integral de la persona de nuestros hijos.<\/li>\n<li>Promover actividades de formaci\u00f3n y desarrollo, a los fines de proporcionar herramientas que sirvan en la hermosa y compleja tarea que exige nuestra funci\u00f3n de padres.<\/li>\n<li>Proporcionar los medios para conocer y difundir el carisma salesiano y el ideario del colegio, apoyando la acci\u00f3n del mismo y procurando la m\u00e1xima coherencia entre las ense\u00f1anzas de la instituci\u00f3n escolar y la propia familia, fijando un rumbo com\u00fan en la educaci\u00f3n cristiana de nuestros hijos para evitar dobles mensajes<\/li>\n<\/ul>\n<p><strong>ACTIVIDADES<\/strong><br \/>\nPara lograr estos objetivos, desde la U.P.F. se proponen distintas actividades:<br \/>\nActividades que contribuyen a la integraci\u00f3n y mutuo conocimiento de los padres de los alumnos:<\/p>\n<ul>\n<li>T\u00e9 de bienvenida a las mam\u00e1s de nivel inicial.<\/li>\n<li>Convivencias por grado, donde se da a conocer a los padres, el itinerario en la maduraci\u00f3n a desarrollar por sus hijos.<\/li>\n<\/ul>\n<p>Actividades que contibuyen a la creaci\u00f3n de un \u00abambiente de hogar\u00bb para los alumnos, (uno de los cuatro pilares de una casa salesiana):<\/p>\n<ul>\n<li>Desayuno\/Merienda criollos servidos para los j\u00f3venes de la secundaria con motivo del cumplea\u00f1os de \u00abSanto Domingo Savio\u00bb.<\/li>\n<li>Chocolate caliente para toda la comunidad del colegio, con motivo de la \u00abFiesta Mar\u00eda Auxiliadora\u00bb.<\/li>\n<li>Cantina con expendio de bebidas y hamburguesas, durante la \u00abSemana de la Comunidad\u00bb<\/li>\n<\/ul>\n<p>Actividades que contribuyen&nbsp;a la integraci\u00f3n y participaci\u00f3n de toda la Comunidad Salesiana:<\/p>\n<ul>\n<li>\u00abGran locro salesiano\u00bb, consistente en dos jornadas de convivencia, fiesta, y participaci\u00f3n de toda la comunidad: padres, alumnos, docentes, no docentes y directivos.<\/li>\n<li>\u00abFiesta de la familia\u00bb, cena a la canasta, con espect\u00e1culos y sorteos.<\/li>\n<\/ul>\n<p>Actividades que tienden a la participaci\u00f3n con fines Solidarios:<\/p>\n<ul>\n<li>\u00abBingo familiar\u00bb, acci\u00f3n conjunta con el Centro Don Bosco (ex-comedor infantil Don Bosco), a total beneficio de dicha organizaci\u00f3n.<\/li>\n<\/ul>\n<p>&nbsp;<\/p>\n<p>&nbsp;<\/p>\n","protected":false},"excerpt":{"rendered":"<p>Es una asociaci\u00f3n integrada por los todos los padres cuyos hijos son alumnos del Colegio Salesiano Gral. Belgrano, y se constituye como canal de participaci\u00f3n. Su finalidad es que los padres se ayuden entre s\u00ed a ser mejores padres. INTEGRANTES Su accionar, es coordinado por un equipo integrado por un limitado n\u00famero de padres de &hellip; <a href=\"https:\/\/www.salesianobelgrano.edu.ar\/?page_id=179\" class=\"more-link\">Sigue leyendo <span class=\"screen-reader-text\">Uni\u00f3n de Padres de Familia<\/span><\/a><\/p>\n","protected":false},"author":1,"featured_media":3506,"parent":71,"menu_order":0,"comment_status":"open","ping_status":"open","template":"","meta":{"ngg_post_thumbnail":0,"footnotes":""},"class_list":["post-179","page","type-page","status-publish","has-post-thumbnail","hentry"],"_links":{"self":[{"href":"https:\/\/www.salesianobelgrano.edu.ar\/index.php?rest_route=\/wp\/v2\/pages\/179","targetHints":{"allow":["GET"]}}],"collection":[{"href":"https:\/\/www.salesianobelgrano.edu.ar\/index.php?rest_route=\/wp\/v2\/pages"}],"about":[{"href":"https:\/\/www.salesianobelgrano.edu.ar\/index.php?rest_route=\/wp\/v2\/types\/page"}],"author":[{"embeddable":true,"href":"https:\/\/www.salesianobelgrano.edu.ar\/index.php?rest_route=\/wp\/v2\/users\/1"}],"replies":[{"embeddable":true,"href":"https:\/\/www.salesianobelgrano.edu.ar\/index.php?rest_route=%2Fwp%2Fv2%2Fcomments&post=179"}],"version-history":[{"count":16,"href":"https:\/\/www.salesianobelgrano.edu.ar\/index.php?rest_route=\/wp\/v2\/pages\/179\/revisions"}],"predecessor-version":[{"id":6152,"href":"https:\/\/www.salesianobelgrano.edu.ar\/index.php?rest_route=\/wp\/v2\/pages\/179\/revisions\/6152"}],"up":[{"embeddable":true,"href":"https:\/\/www.salesianobelgrano.edu.ar\/index.php?rest_route=\/wp\/v2\/pages\/71"}],"wp:featuredmedia":[{"embeddable":true,"href":"https:\/\/www.salesianobelgrano.edu.ar\/index.php?rest_route=\/wp\/v2\/media\/3506"}],"wp:attachment":[{"href":"https:\/\/www.salesianobelgrano.edu.ar\/index.php?rest_route=%2Fwp%2Fv2%2Fmedia&parent=179"}],"curies":[{"name":"wp","href":"https:\/\/api.w.org\/{rel}","templated":true}]}}