{"id":48,"date":"2015-04-24T21:23:12","date_gmt":"2015-04-24T21:23:12","guid":{"rendered":"http:\/\/www.salesianobelgrano.edu.ar\/?page_id=48"},"modified":"2015-05-24T04:19:58","modified_gmt":"2015-05-24T04:19:58","slug":"historia-de-la-obra","status":"publish","type":"page","link":"https:\/\/www.salesianobelgrano.edu.ar\/?page_id=48","title":{"rendered":"Historia de la Obra"},"content":{"rendered":"<p>Entre los a\u00f1os 1882 y 1892 la gobernaci\u00f3n de Tucum\u00e1n invit\u00f3 a los padres Salesianos a fundar una <strong>escuela de Artes y oficios<\/strong>, para la que eran especialistas, con la inquietud y el carisma heredados de Don Bosco. Pero es reci\u00e9n en el a\u00f1o 1916 cuando el padre <strong>Lorenzo Massa<\/strong> concreta la misi\u00f3n, recibiendo de manos del padre can\u00f3nigo Monse\u00f1or Zavaleta una casa ubicada en Chacabuco al 300 en la que funcionaba un asilo para ni\u00f1os indigentes.<\/p>\n<p>La Iglesia de Tucum\u00e1n no cejaba en sus intentos de crear una escuela profesional cat\u00f3lica y de contar con la presencia de los Salesianos entre su clero, con la intenci\u00f3n de atender las necesidades de la ni\u00f1ez considerada tanto \u201cen peligro\u201d como \u201cpeligrosa\u201d, entre ellas una escuela que les brindara la formaci\u00f3n en un oficio. Esta intencionalidad educativa era acompa\u00f1ada adem\u00e1s por el inter\u00e9s del sector empresarial azucarero, en auge, en radicar personal religioso especializado en la \u201cmoralizaci\u00f3n\u201d y capacitaci\u00f3n laboral de los sectores obreros. El perfil Salesiano del obrero cristiano formado en una escuela religiosa de artesanos, con cierto nivel de calificaci\u00f3n laboral y respetuoso del orden se adecuaba a estas expectativas.<\/p>\n<p>El padre Lorenzo Massa lleg\u00f3 a Tucum\u00e1n en febrero de 1916 acompa\u00f1ado por el padre Federico Della Vedova y tres hermanos coadjutores, encontr\u00e1ndose con 35 hu\u00e9rfanos, un taller de fabricaci\u00f3n de escobas y el taller de carpinter\u00eda, con pocos bancos y algunas herramientas. En los siguientes dos meses organizaron la Escuela Salesiana de Artes y Oficios con los talleres de Imprenta , carpinter\u00eda y sastrer\u00eda , con las maquinarias y herramientas necesarias. La escuela conserv\u00f3 el nombre de <strong>General Belgrano<\/strong> colocado por el padre Zavaleta al anterior orfanato.<\/p>\n<p>Estos Salesianos tuvieron una r\u00e1pida inserci\u00f3n en la sociedad tucumana de la \u00e9poca, marcada por la actividad econ\u00f3mica de los ingenios, recibiendo apoyo y contribuciones de grandes personajes como Alfredo Guzm\u00e1n y su esposa Guillermina Lest\u00f3n, la familia Nougu\u00e9s, entre otros. Tambi\u00e9n recibieron la facultad de tener iglesia y oratorio p\u00fablico, celebrar misa, administrar los sacramentos, la predicaci\u00f3n y toda otra funci\u00f3n sacerdotal.<\/p>\n<p>La inauguraci\u00f3n y bendici\u00f3n de los talleres se realiz\u00f3 en abril de 1916 y actuaron como padrinos el gobernador Ernesto padilla y su se\u00f1ora Elvira Salvatierra.<\/p>\n<p>La nueva casa pas\u00f3 a pertenecer a la <strong>Inspector\u00eda Salesiana San Francisco de Sales<\/strong> (con residencia en Buenos Aires) la que poco tiempo despu\u00e9s autoriz\u00f3 a alquilar propiedades adyacentes para m\u00e1s comodidad, recibir alumnos internos y becar alumnos de escasos recursos. Esta iniciativa se basaba en la posibilidad de ofrecer a familias del campo la facilidad de educar a sus hijos en un colegio religioso que les brindara formaci\u00f3n con salida laboral.<\/p>\n","protected":false},"excerpt":{"rendered":"<p>Entre los a\u00f1os 1882 y 1892 la gobernaci\u00f3n de Tucum\u00e1n invit\u00f3 a los padres Salesianos a fundar una escuela de Artes y oficios, para la que eran especialistas, con la inquietud y el carisma heredados de Don Bosco. Pero es reci\u00e9n en el a\u00f1o 1916 cuando el padre Lorenzo Massa concreta la misi\u00f3n, recibiendo de &hellip; <a href=\"https:\/\/www.salesianobelgrano.edu.ar\/?page_id=48\" class=\"more-link\">Sigue leyendo <span class=\"screen-reader-text\">Historia de la Obra<\/span><\/a><\/p>\n","protected":false},"author":1,"featured_media":197,"parent":46,"menu_order":0,"comment_status":"open","ping_status":"open","template":"","meta":{"ngg_post_thumbnail":0,"footnotes":""},"class_list":["post-48","page","type-page","status-publish","has-post-thumbnail","hentry"],"_links":{"self":[{"href":"https:\/\/www.salesianobelgrano.edu.ar\/index.php?rest_route=\/wp\/v2\/pages\/48","targetHints":{"allow":["GET"]}}],"collection":[{"href":"https:\/\/www.salesianobelgrano.edu.ar\/index.php?rest_route=\/wp\/v2\/pages"}],"about":[{"href":"https:\/\/www.salesianobelgrano.edu.ar\/index.php?rest_route=\/wp\/v2\/types\/page"}],"author":[{"embeddable":true,"href":"https:\/\/www.salesianobelgrano.edu.ar\/index.php?rest_route=\/wp\/v2\/users\/1"}],"replies":[{"embeddable":true,"href":"https:\/\/www.salesianobelgrano.edu.ar\/index.php?rest_route=%2Fwp%2Fv2%2Fcomments&post=48"}],"version-history":[{"count":5,"href":"https:\/\/www.salesianobelgrano.edu.ar\/index.php?rest_route=\/wp\/v2\/pages\/48\/revisions"}],"predecessor-version":[{"id":231,"href":"https:\/\/www.salesianobelgrano.edu.ar\/index.php?rest_route=\/wp\/v2\/pages\/48\/revisions\/231"}],"up":[{"embeddable":true,"href":"https:\/\/www.salesianobelgrano.edu.ar\/index.php?rest_route=\/wp\/v2\/pages\/46"}],"wp:featuredmedia":[{"embeddable":true,"href":"https:\/\/www.salesianobelgrano.edu.ar\/index.php?rest_route=\/wp\/v2\/media\/197"}],"wp:attachment":[{"href":"https:\/\/www.salesianobelgrano.edu.ar\/index.php?rest_route=%2Fwp%2Fv2%2Fmedia&parent=48"}],"curies":[{"name":"wp","href":"https:\/\/api.w.org\/{rel}","templated":true}]}}