{"id":55,"date":"2015-04-24T21:25:08","date_gmt":"2015-04-24T21:25:08","guid":{"rendered":"http:\/\/www.salesianobelgrano.edu.ar\/?page_id=55"},"modified":"2015-05-30T22:08:56","modified_gmt":"2015-05-30T22:08:56","slug":"obra-salesiana-en-el-mundo","status":"publish","type":"page","link":"https:\/\/www.salesianobelgrano.edu.ar\/?page_id=55","title":{"rendered":"Obra Salesiana en el Mundo"},"content":{"rendered":"<p>Extendidos por todo el mundo, trabajamos en 131 pa\u00edses, ejercemos nuestra acci\u00f3n en Centros Juveniles, Colegios, Escuelas de Formaci\u00f3n Profesional, Parroquias, Centros de asistencia a marginados, Escuelas de Formaci\u00f3n del Profesorado, Universidades, Residencias, Misiones, centros de comunicaci\u00f3n social y otras presencias al servicio de la juventud. Los Salesianos de Don Bosco algo m\u00e1s de 16.000 repartidos por los cinco continentes y distribuidos en 98 Inspector\u00edas o Provincias religiosas.<\/p>\n<p>Las actividades salesianas est\u00e1n concentradas en sectores orientados a la educaci\u00f3n de los j\u00f3venes. Se concretan, sobre todo, en parroquias, centros juveniles y escuelas de educaci\u00f3n primaria y secundaria, centros universitarios y, sobre todo, escuelas de formaci\u00f3n profesional. Las casas de acogida para chicos de la calle o en riesgo de exclusi\u00f3n, que agrupamos bajo el ep\u00edgrafe plataformas sociales, se han multiplicado en estos \u00faltimos a\u00f1os. Tambi\u00e9n el sector de la comunicaci\u00f3n social ha experimentado un notable desarrollo.<\/p>\n<p>A estas obras m\u00e1s representativas y que concentran la mayor parte de la actividad de la Congregaci\u00f3n, hay que a\u00f1adir 67 universidades, 527 residencias e internados para j\u00f3venes, 32 emisoras de radio, 11 centros de televisi\u00f3n, 88 librer\u00edas, 48 editoriales\u00a0 y 164 centros de formaci\u00f3n de salesianos (noviciados, seminarios, centros de estudios teol\u00f3gicos, etc.).<\/p>\n<p>San Juan Bosco dio origen a un amplio movimiento y a grupos diversos, establecidos y reconocidos oficialmente, que comparten un verdadero parentesco espiritual y una consanguinidad apost\u00f3lica. La forman grupos de sacerdotes y de seglares, de c\u00e9libes y de casados, de consagrados y de religiosos, seg\u00fan formas de vida distinta dando un testimonio variado de las bienaventuranzas. Todos ellos forman un conjunto org\u00e1nico y vital por la fuerza unificadora del esp\u00edritu y misi\u00f3n de San Juan Bosco. Se sienten herederos y portadores de su don.<\/p>\n<p>La Familia Salesiana se inserta en la pastoral de las Iglesias locales con una aportaci\u00f3n original. Busca el entendimiento y colaboraci\u00f3n de otros grupos e instituciones eclesi\u00e1sticas y civiles para la educaci\u00f3n integral, personal y social de los j\u00f3venes y del pueblo, a quienes acompa\u00f1a mediante la educaci\u00f3n en la fe y el trabajo apost\u00f3lico, hasta que elijan su propia vocaci\u00f3n en el mundo y en la Iglesia.<\/p>\n","protected":false},"excerpt":{"rendered":"<p>Extendidos por todo el mundo, trabajamos en 131 pa\u00edses, ejercemos nuestra acci\u00f3n en Centros Juveniles, Colegios, Escuelas de Formaci\u00f3n Profesional, Parroquias, Centros de asistencia a marginados, Escuelas de Formaci\u00f3n del Profesorado, Universidades, Residencias, Misiones, centros de comunicaci\u00f3n social y otras presencias al servicio de la juventud. Los Salesianos de Don Bosco algo m\u00e1s de 16.000 &hellip; <a href=\"https:\/\/www.salesianobelgrano.edu.ar\/?page_id=55\" class=\"more-link\">Sigue leyendo <span class=\"screen-reader-text\">Obra Salesiana en el Mundo<\/span><\/a><\/p>\n","protected":false},"author":1,"featured_media":778,"parent":46,"menu_order":0,"comment_status":"open","ping_status":"open","template":"","meta":{"ngg_post_thumbnail":0,"footnotes":""},"class_list":["post-55","page","type-page","status-publish","has-post-thumbnail","hentry"],"_links":{"self":[{"href":"https:\/\/www.salesianobelgrano.edu.ar\/index.php?rest_route=\/wp\/v2\/pages\/55","targetHints":{"allow":["GET"]}}],"collection":[{"href":"https:\/\/www.salesianobelgrano.edu.ar\/index.php?rest_route=\/wp\/v2\/pages"}],"about":[{"href":"https:\/\/www.salesianobelgrano.edu.ar\/index.php?rest_route=\/wp\/v2\/types\/page"}],"author":[{"embeddable":true,"href":"https:\/\/www.salesianobelgrano.edu.ar\/index.php?rest_route=\/wp\/v2\/users\/1"}],"replies":[{"embeddable":true,"href":"https:\/\/www.salesianobelgrano.edu.ar\/index.php?rest_route=%2Fwp%2Fv2%2Fcomments&post=55"}],"version-history":[{"count":4,"href":"https:\/\/www.salesianobelgrano.edu.ar\/index.php?rest_route=\/wp\/v2\/pages\/55\/revisions"}],"predecessor-version":[{"id":206,"href":"https:\/\/www.salesianobelgrano.edu.ar\/index.php?rest_route=\/wp\/v2\/pages\/55\/revisions\/206"}],"up":[{"embeddable":true,"href":"https:\/\/www.salesianobelgrano.edu.ar\/index.php?rest_route=\/wp\/v2\/pages\/46"}],"wp:featuredmedia":[{"embeddable":true,"href":"https:\/\/www.salesianobelgrano.edu.ar\/index.php?rest_route=\/wp\/v2\/media\/778"}],"wp:attachment":[{"href":"https:\/\/www.salesianobelgrano.edu.ar\/index.php?rest_route=%2Fwp%2Fv2%2Fmedia&parent=55"}],"curies":[{"name":"wp","href":"https:\/\/api.w.org\/{rel}","templated":true}]}}