{"id":59,"date":"2015-04-24T21:33:37","date_gmt":"2015-04-24T21:33:37","guid":{"rendered":"http:\/\/www.salesianobelgrano.edu.ar\/?page_id=59"},"modified":"2016-08-02T10:25:10","modified_gmt":"2016-08-02T10:25:10","slug":"infraestructura","status":"publish","type":"page","link":"https:\/\/www.salesianobelgrano.edu.ar\/?page_id=59","title":{"rendered":"Infraestructura"},"content":{"rendered":"<p>La <strong>Obra Salesiana General Belgrano<\/strong> se ubica en calle Chacabuco y General Paz, en San Miguel de Tucum\u00e1n.<\/p>\n<p><strong>RECORRIDO 360\u00b0 GRADOS<\/strong><\/p>\n<p><iframe loading=\"lazy\" src=\"http:\/\/www.salesianobelgrano.edu.ar\/colegio360\/\" name=\"frame1\" width=\"100%%\" height=\"500px\" frameborder=\"no\" scrolling=\"no\" align=\"center\"><br \/>\n<\/iframe><\/p>\n<p>La mayor parte de la infraestructura de la Obra est\u00e1 destinada al <strong>Colegio<\/strong>, con dos plantas y con 24 aulas distribuidas entre el Nivel Inicial, Primario y Secundario. Con Salas de Maestros, Profesores, Preceptores, Reuniones, Pl\u00e1stica, M\u00fasica, Inform\u00e1tica, Oficinas de Directivos, Departamento de Orientaci\u00f3n Escolar, Pastoral, Coordinadores, Secretar\u00eda. Tambi\u00e9n posee Sala de Audiovisuales, Sal\u00f3n de Actos, Librer\u00eda, Biblioteca, Oficina de Administraci\u00f3n, Kiosco-comedor, Dep\u00f3sito, Recepci\u00f3n y Hall de entrada, sala de atenci\u00f3n a padres. Cada nivel posee\u00a0ba\u00f1os.<\/p>\n<p>Tambi\u00e9n cuenta con un amplio patio techado con m\u00e1stil y acceso a la Iglesia Mar\u00eda Auxiliadora, dos amplias canchas de f\u00fatbol, arenero y juegos de plaza en Nivel Inicial. 4 puertas de acceso.<\/p>\n<p>Nuestro Colegio Salesiano General Belgrano brinda todas las facilidades para que los alumnos puedan desarrollar exitosamente sus actividades acad\u00e9micas.<\/p>\n<p>La obra, cuenta con una <strong>Iglesia<\/strong>, llamada Mar\u00eda Auxiliadora, construida en el a\u00f1o 1965, con una capacidad de\u00a0700 personas. La misma posee un subsuelo y una capilla.<\/p>\n<p>El Batall\u00f3n 8 de los <strong>Exploradores Argentinos de Don Bosco <\/strong>cuenta con una amplia sede de dos plantas, que tiene acceso directo al segundo patio y posee un entrada independiente por la calle Ayacucho.<\/p>\n<p><strong>LA LOMA<\/strong><br \/>\nLa obra tambi\u00e9n cuenta con un predio en San Javier, a 25 kil\u00f3metros de la Capital Tucumana, llamada La Loma.<br \/>\nLa misma cuenta con habitaciones, cocina, ba\u00f1o, quincho, juegos de plaza y amplio espacio verde.<br \/>\nDestinada a retiros, convivencias y eventos.<\/p>\n<p><!-- index.php -->\n<div\n\tclass=\"ngg-galleryoverview\n\t ngg-ajax-pagination-none\t\"\n\tid=\"ngg-gallery-48f262663b21684b991dd62b45d024bf-1\">\n\n\t\t\t<!-- Thumbnails -->\n\t\t\t\t<div id=\"ngg-image-0\" class=\"ngg-gallery-thumbnail-box\" \n\t\t\t\t\t\t\t\t\t\t\t>\n\t\t\t\t\t\t<div class=\"ngg-gallery-thumbnail\">\n\t\t\t<a href=\"https:\/\/www.salesianobelgrano.edu.ar\/wp-content\/gallery\/infraestructura\/IMG_5116.jpg\"\n\t\t\t\ttitle=\"\"\n\t\t\t\tdata-src=\"https:\/\/www.salesianobelgrano.edu.ar\/wp-content\/gallery\/infraestructura\/IMG_5116.jpg\"\n\t\t\t\tdata-thumbnail=\"https:\/\/www.salesianobelgrano.edu.ar\/wp-content\/gallery\/infraestructura\/thumbs\/thumbs_IMG_5116.jpg\"\n\t\t\t\tdata-image-id=\"139\"\n\t\t\t\tdata-title=\"IMG_5116\"\n\t\t\t\tdata-description=\"\"\n\t\t\t\tdata-image-slug=\"img_5116\"\n\t\t\t\tclass='thickbox' rel='48f262663b21684b991dd62b45d024bf'>\n\t\t\t\t<img\n\t\t\t\t\ttitle=\"IMG_5116\"\n\t\t\t\t\talt=\"IMG_5116\"\n\t\t\t\t\tsrc=\"https:\/\/www.salesianobelgrano.edu.ar\/wp-content\/gallery\/infraestructura\/cache\/IMG_5116.jpg-nggid03139-ngg0dyn-100x80x100-00f0w010c011r110f110r010t010.jpg\"\n\t\t\t\t\twidth=\"100\"\n\t\t\t\t\theight=\"80\"\n\t\t\t\t\tstyle=\"max-width:100%;\"\n\t\t\t\t\/>\n\t\t\t<\/a>\n\t\t<\/div>\n\t\t\t\t\t\t\t<\/div> \n\t\t\t\n\t\t\t\t\t\t\t\n\t\t\t\t<div id=\"ngg-image-1\" class=\"ngg-gallery-thumbnail-box\" \n\t\t\t\t\t\t\t\t\t\t\t>\n\t\t\t\t\t\t<div class=\"ngg-gallery-thumbnail\">\n\t\t\t<a href=\"https:\/\/www.salesianobelgrano.edu.ar\/wp-content\/gallery\/infraestructura\/IMG_5146.jpg\"\n\t\t\t\ttitle=\"\"\n\t\t\t\tdata-src=\"https:\/\/www.salesianobelgrano.edu.ar\/wp-content\/gallery\/infraestructura\/IMG_5146.jpg\"\n\t\t\t\tdata-thumbnail=\"https:\/\/www.salesianobelgrano.edu.ar\/wp-content\/gallery\/infraestructura\/thumbs\/thumbs_IMG_5146.jpg\"\n\t\t\t\tdata-image-id=\"140\"\n\t\t\t\tdata-title=\"IMG_5146\"\n\t\t\t\tdata-description=\"\"\n\t\t\t\tdata-image-slug=\"img_5146\"\n\t\t\t\tclass='thickbox' rel='48f262663b21684b991dd62b45d024bf'>\n\t\t\t\t<img\n\t\t\t\t\ttitle=\"IMG_5146\"\n\t\t\t\t\talt=\"IMG_5146\"\n\t\t\t\t\tsrc=\"https:\/\/www.salesianobelgrano.edu.ar\/wp-content\/gallery\/infraestructura\/cache\/IMG_5146.jpg-nggid03140-ngg0dyn-100x80x100-00f0w010c011r110f110r010t010.jpg\"\n\t\t\t\t\twidth=\"100\"\n\t\t\t\t\theight=\"80\"\n\t\t\t\t\tstyle=\"max-width:100%;\"\n\t\t\t\t\/>\n\t\t\t<\/a>\n\t\t<\/div>\n\t\t\t\t\t\t\t<\/div> \n\t\t\t\n\t\t\t\t\t\t\t\n\t\t\t\t<div id=\"ngg-image-2\" class=\"ngg-gallery-thumbnail-box\" \n\t\t\t\t\t\t\t\t\t\t\t>\n\t\t\t\t\t\t<div class=\"ngg-gallery-thumbnail\">\n\t\t\t<a href=\"https:\/\/www.salesianobelgrano.edu.ar\/wp-content\/gallery\/infraestructura\/IMG_5168.jpg\"\n\t\t\t\ttitle=\"\"\n\t\t\t\tdata-src=\"https:\/\/www.salesianobelgrano.edu.ar\/wp-content\/gallery\/infraestructura\/IMG_5168.jpg\"\n\t\t\t\tdata-thumbnail=\"https:\/\/www.salesianobelgrano.edu.ar\/wp-content\/gallery\/infraestructura\/thumbs\/thumbs_IMG_5168.jpg\"\n\t\t\t\tdata-image-id=\"141\"\n\t\t\t\tdata-title=\"IMG_5168\"\n\t\t\t\tdata-description=\"\"\n\t\t\t\tdata-image-slug=\"img_5168\"\n\t\t\t\tclass='thickbox' rel='48f262663b21684b991dd62b45d024bf'>\n\t\t\t\t<img\n\t\t\t\t\ttitle=\"IMG_5168\"\n\t\t\t\t\talt=\"IMG_5168\"\n\t\t\t\t\tsrc=\"https:\/\/www.salesianobelgrano.edu.ar\/wp-content\/gallery\/infraestructura\/cache\/IMG_5168.jpg-nggid03141-ngg0dyn-100x80x100-00f0w010c011r110f110r010t010.jpg\"\n\t\t\t\t\twidth=\"100\"\n\t\t\t\t\theight=\"80\"\n\t\t\t\t\tstyle=\"max-width:100%;\"\n\t\t\t\t\/>\n\t\t\t<\/a>\n\t\t<\/div>\n\t\t\t\t\t\t\t<\/div> \n\t\t\t\n\t\t\t\t\t\t\t\n\t\t\t\t<div id=\"ngg-image-3\" class=\"ngg-gallery-thumbnail-box\" \n\t\t\t\t\t\t\t\t\t\t\t>\n\t\t\t\t\t\t<div class=\"ngg-gallery-thumbnail\">\n\t\t\t<a href=\"https:\/\/www.salesianobelgrano.edu.ar\/wp-content\/gallery\/infraestructura\/IMG_5170.jpg\"\n\t\t\t\ttitle=\"\"\n\t\t\t\tdata-src=\"https:\/\/www.salesianobelgrano.edu.ar\/wp-content\/gallery\/infraestructura\/IMG_5170.jpg\"\n\t\t\t\tdata-thumbnail=\"https:\/\/www.salesianobelgrano.edu.ar\/wp-content\/gallery\/infraestructura\/thumbs\/thumbs_IMG_5170.jpg\"\n\t\t\t\tdata-image-id=\"142\"\n\t\t\t\tdata-title=\"IMG_5170\"\n\t\t\t\tdata-description=\"\"\n\t\t\t\tdata-image-slug=\"img_5170\"\n\t\t\t\tclass='thickbox' rel='48f262663b21684b991dd62b45d024bf'>\n\t\t\t\t<img\n\t\t\t\t\ttitle=\"IMG_5170\"\n\t\t\t\t\talt=\"IMG_5170\"\n\t\t\t\t\tsrc=\"https:\/\/www.salesianobelgrano.edu.ar\/wp-content\/gallery\/infraestructura\/cache\/IMG_5170.jpg-nggid03142-ngg0dyn-100x80x100-00f0w010c011r110f110r010t010.jpg\"\n\t\t\t\t\twidth=\"100\"\n\t\t\t\t\theight=\"80\"\n\t\t\t\t\tstyle=\"max-width:100%;\"\n\t\t\t\t\/>\n\t\t\t<\/a>\n\t\t<\/div>\n\t\t\t\t\t\t\t<\/div> \n\t\t\t\n\t\t\t\t\t\t\t\n\t\t\t\t<div id=\"ngg-image-4\" class=\"ngg-gallery-thumbnail-box\" \n\t\t\t\t\t\t\t\t\t\t\t>\n\t\t\t\t\t\t<div class=\"ngg-gallery-thumbnail\">\n\t\t\t<a href=\"https:\/\/www.salesianobelgrano.edu.ar\/wp-content\/gallery\/infraestructura\/IMG_5171.jpg\"\n\t\t\t\ttitle=\"\"\n\t\t\t\tdata-src=\"https:\/\/www.salesianobelgrano.edu.ar\/wp-content\/gallery\/infraestructura\/IMG_5171.jpg\"\n\t\t\t\tdata-thumbnail=\"https:\/\/www.salesianobelgrano.edu.ar\/wp-content\/gallery\/infraestructura\/thumbs\/thumbs_IMG_5171.jpg\"\n\t\t\t\tdata-image-id=\"143\"\n\t\t\t\tdata-title=\"IMG_5171\"\n\t\t\t\tdata-description=\"\"\n\t\t\t\tdata-image-slug=\"img_5171\"\n\t\t\t\tclass='thickbox' rel='48f262663b21684b991dd62b45d024bf'>\n\t\t\t\t<img\n\t\t\t\t\ttitle=\"IMG_5171\"\n\t\t\t\t\talt=\"IMG_5171\"\n\t\t\t\t\tsrc=\"https:\/\/www.salesianobelgrano.edu.ar\/wp-content\/gallery\/infraestructura\/cache\/IMG_5171.jpg-nggid03143-ngg0dyn-100x80x100-00f0w010c011r110f110r010t010.jpg\"\n\t\t\t\t\twidth=\"100\"\n\t\t\t\t\theight=\"80\"\n\t\t\t\t\tstyle=\"max-width:100%;\"\n\t\t\t\t\/>\n\t\t\t<\/a>\n\t\t<\/div>\n\t\t\t\t\t\t\t<\/div> \n\t\t\t\n\t\t\t\t\t\t\t\t\t<br style=\"clear: both\" \/>\n\t\t\t\t\t\n\t\t\t\t<div id=\"ngg-image-5\" class=\"ngg-gallery-thumbnail-box\" \n\t\t\t\t\t\t\t\t\t\t\t>\n\t\t\t\t\t\t<div class=\"ngg-gallery-thumbnail\">\n\t\t\t<a href=\"https:\/\/www.salesianobelgrano.edu.ar\/wp-content\/gallery\/infraestructura\/IMG_5177.jpg\"\n\t\t\t\ttitle=\"\"\n\t\t\t\tdata-src=\"https:\/\/www.salesianobelgrano.edu.ar\/wp-content\/gallery\/infraestructura\/IMG_5177.jpg\"\n\t\t\t\tdata-thumbnail=\"https:\/\/www.salesianobelgrano.edu.ar\/wp-content\/gallery\/infraestructura\/thumbs\/thumbs_IMG_5177.jpg\"\n\t\t\t\tdata-image-id=\"144\"\n\t\t\t\tdata-title=\"IMG_5177\"\n\t\t\t\tdata-description=\"\"\n\t\t\t\tdata-image-slug=\"img_5177\"\n\t\t\t\tclass='thickbox' rel='48f262663b21684b991dd62b45d024bf'>\n\t\t\t\t<img\n\t\t\t\t\ttitle=\"IMG_5177\"\n\t\t\t\t\talt=\"IMG_5177\"\n\t\t\t\t\tsrc=\"https:\/\/www.salesianobelgrano.edu.ar\/wp-content\/gallery\/infraestructura\/cache\/IMG_5177.jpg-nggid03144-ngg0dyn-100x80x100-00f0w010c011r110f110r010t010.jpg\"\n\t\t\t\t\twidth=\"100\"\n\t\t\t\t\theight=\"80\"\n\t\t\t\t\tstyle=\"max-width:100%;\"\n\t\t\t\t\/>\n\t\t\t<\/a>\n\t\t<\/div>\n\t\t\t\t\t\t\t<\/div> \n\t\t\t\n\t\t\t\t\t\t\t\n\t\t\t\t<div id=\"ngg-image-6\" class=\"ngg-gallery-thumbnail-box\" \n\t\t\t\t\t\t\t\t\t\t\t>\n\t\t\t\t\t\t<div class=\"ngg-gallery-thumbnail\">\n\t\t\t<a href=\"https:\/\/www.salesianobelgrano.edu.ar\/wp-content\/gallery\/infraestructura\/IMG_5178.jpg\"\n\t\t\t\ttitle=\"\"\n\t\t\t\tdata-src=\"https:\/\/www.salesianobelgrano.edu.ar\/wp-content\/gallery\/infraestructura\/IMG_5178.jpg\"\n\t\t\t\tdata-thumbnail=\"https:\/\/www.salesianobelgrano.edu.ar\/wp-content\/gallery\/infraestructura\/thumbs\/thumbs_IMG_5178.jpg\"\n\t\t\t\tdata-image-id=\"145\"\n\t\t\t\tdata-title=\"IMG_5178\"\n\t\t\t\tdata-description=\"\"\n\t\t\t\tdata-image-slug=\"img_5178\"\n\t\t\t\tclass='thickbox' rel='48f262663b21684b991dd62b45d024bf'>\n\t\t\t\t<img\n\t\t\t\t\ttitle=\"IMG_5178\"\n\t\t\t\t\talt=\"IMG_5178\"\n\t\t\t\t\tsrc=\"https:\/\/www.salesianobelgrano.edu.ar\/wp-content\/gallery\/infraestructura\/cache\/IMG_5178.jpg-nggid03145-ngg0dyn-100x80x100-00f0w010c011r110f110r010t010.jpg\"\n\t\t\t\t\twidth=\"100\"\n\t\t\t\t\theight=\"80\"\n\t\t\t\t\tstyle=\"max-width:100%;\"\n\t\t\t\t\/>\n\t\t\t<\/a>\n\t\t<\/div>\n\t\t\t\t\t\t\t<\/div> \n\t\t\t\n\t\t\t\t\t\t\t\n\t\t\t\t<div id=\"ngg-image-7\" class=\"ngg-gallery-thumbnail-box\" \n\t\t\t\t\t\t\t\t\t\t\t>\n\t\t\t\t\t\t<div class=\"ngg-gallery-thumbnail\">\n\t\t\t<a href=\"https:\/\/www.salesianobelgrano.edu.ar\/wp-content\/gallery\/infraestructura\/IMG_5179.jpg\"\n\t\t\t\ttitle=\"\"\n\t\t\t\tdata-src=\"https:\/\/www.salesianobelgrano.edu.ar\/wp-content\/gallery\/infraestructura\/IMG_5179.jpg\"\n\t\t\t\tdata-thumbnail=\"https:\/\/www.salesianobelgrano.edu.ar\/wp-content\/gallery\/infraestructura\/thumbs\/thumbs_IMG_5179.jpg\"\n\t\t\t\tdata-image-id=\"146\"\n\t\t\t\tdata-title=\"IMG_5179\"\n\t\t\t\tdata-description=\"\"\n\t\t\t\tdata-image-slug=\"img_5179\"\n\t\t\t\tclass='thickbox' rel='48f262663b21684b991dd62b45d024bf'>\n\t\t\t\t<img\n\t\t\t\t\ttitle=\"IMG_5179\"\n\t\t\t\t\talt=\"IMG_5179\"\n\t\t\t\t\tsrc=\"https:\/\/www.salesianobelgrano.edu.ar\/wp-content\/gallery\/infraestructura\/cache\/IMG_5179.jpg-nggid03146-ngg0dyn-100x80x100-00f0w010c011r110f110r010t010.jpg\"\n\t\t\t\t\twidth=\"100\"\n\t\t\t\t\theight=\"80\"\n\t\t\t\t\tstyle=\"max-width:100%;\"\n\t\t\t\t\/>\n\t\t\t<\/a>\n\t\t<\/div>\n\t\t\t\t\t\t\t<\/div> \n\t\t\t\n\t\t\t\t\t\t\t\n\t\t\t\t<div id=\"ngg-image-8\" class=\"ngg-gallery-thumbnail-box\" \n\t\t\t\t\t\t\t\t\t\t\t>\n\t\t\t\t\t\t<div class=\"ngg-gallery-thumbnail\">\n\t\t\t<a href=\"https:\/\/www.salesianobelgrano.edu.ar\/wp-content\/gallery\/infraestructura\/IMG_5184.jpg\"\n\t\t\t\ttitle=\"\"\n\t\t\t\tdata-src=\"https:\/\/www.salesianobelgrano.edu.ar\/wp-content\/gallery\/infraestructura\/IMG_5184.jpg\"\n\t\t\t\tdata-thumbnail=\"https:\/\/www.salesianobelgrano.edu.ar\/wp-content\/gallery\/infraestructura\/thumbs\/thumbs_IMG_5184.jpg\"\n\t\t\t\tdata-image-id=\"147\"\n\t\t\t\tdata-title=\"IMG_5184\"\n\t\t\t\tdata-description=\"\"\n\t\t\t\tdata-image-slug=\"img_5184\"\n\t\t\t\tclass='thickbox' rel='48f262663b21684b991dd62b45d024bf'>\n\t\t\t\t<img\n\t\t\t\t\ttitle=\"IMG_5184\"\n\t\t\t\t\talt=\"IMG_5184\"\n\t\t\t\t\tsrc=\"https:\/\/www.salesianobelgrano.edu.ar\/wp-content\/gallery\/infraestructura\/cache\/IMG_5184.jpg-nggid03147-ngg0dyn-100x80x100-00f0w010c011r110f110r010t010.jpg\"\n\t\t\t\t\twidth=\"100\"\n\t\t\t\t\theight=\"80\"\n\t\t\t\t\tstyle=\"max-width:100%;\"\n\t\t\t\t\/>\n\t\t\t<\/a>\n\t\t<\/div>\n\t\t\t\t\t\t\t<\/div> \n\t\t\t\n\t\t\t\t\t\t\t\n\t\t\t\t<div id=\"ngg-image-9\" class=\"ngg-gallery-thumbnail-box\" \n\t\t\t\t\t\t\t\t\t\t\t>\n\t\t\t\t\t\t<div class=\"ngg-gallery-thumbnail\">\n\t\t\t<a href=\"https:\/\/www.salesianobelgrano.edu.ar\/wp-content\/gallery\/infraestructura\/IMG_5255.jpg\"\n\t\t\t\ttitle=\"\"\n\t\t\t\tdata-src=\"https:\/\/www.salesianobelgrano.edu.ar\/wp-content\/gallery\/infraestructura\/IMG_5255.jpg\"\n\t\t\t\tdata-thumbnail=\"https:\/\/www.salesianobelgrano.edu.ar\/wp-content\/gallery\/infraestructura\/thumbs\/thumbs_IMG_5255.jpg\"\n\t\t\t\tdata-image-id=\"148\"\n\t\t\t\tdata-title=\"IMG_5255\"\n\t\t\t\tdata-description=\"\"\n\t\t\t\tdata-image-slug=\"img_5255\"\n\t\t\t\tclass='thickbox' rel='48f262663b21684b991dd62b45d024bf'>\n\t\t\t\t<img\n\t\t\t\t\ttitle=\"IMG_5255\"\n\t\t\t\t\talt=\"IMG_5255\"\n\t\t\t\t\tsrc=\"https:\/\/www.salesianobelgrano.edu.ar\/wp-content\/gallery\/infraestructura\/cache\/IMG_5255.jpg-nggid03148-ngg0dyn-100x80x100-00f0w010c011r110f110r010t010.jpg\"\n\t\t\t\t\twidth=\"100\"\n\t\t\t\t\theight=\"80\"\n\t\t\t\t\tstyle=\"max-width:100%;\"\n\t\t\t\t\/>\n\t\t\t<\/a>\n\t\t<\/div>\n\t\t\t\t\t\t\t<\/div> \n\t\t\t\n\t\t\t\t\t\t\t\t\t<br style=\"clear: both\" \/>\n\t\t\t\t\t\n\t\t\t\t<div id=\"ngg-image-10\" class=\"ngg-gallery-thumbnail-box\" \n\t\t\t\t\t\t\t\t\t\t\t>\n\t\t\t\t\t\t<div class=\"ngg-gallery-thumbnail\">\n\t\t\t<a href=\"https:\/\/www.salesianobelgrano.edu.ar\/wp-content\/gallery\/infraestructura\/IMG_5261.jpg\"\n\t\t\t\ttitle=\"\"\n\t\t\t\tdata-src=\"https:\/\/www.salesianobelgrano.edu.ar\/wp-content\/gallery\/infraestructura\/IMG_5261.jpg\"\n\t\t\t\tdata-thumbnail=\"https:\/\/www.salesianobelgrano.edu.ar\/wp-content\/gallery\/infraestructura\/thumbs\/thumbs_IMG_5261.jpg\"\n\t\t\t\tdata-image-id=\"149\"\n\t\t\t\tdata-title=\"IMG_5261\"\n\t\t\t\tdata-description=\"\"\n\t\t\t\tdata-image-slug=\"img_5261\"\n\t\t\t\tclass='thickbox' rel='48f262663b21684b991dd62b45d024bf'>\n\t\t\t\t<img\n\t\t\t\t\ttitle=\"IMG_5261\"\n\t\t\t\t\talt=\"IMG_5261\"\n\t\t\t\t\tsrc=\"https:\/\/www.salesianobelgrano.edu.ar\/wp-content\/gallery\/infraestructura\/cache\/IMG_5261.jpg-nggid03149-ngg0dyn-100x80x100-00f0w010c011r110f110r010t010.jpg\"\n\t\t\t\t\twidth=\"100\"\n\t\t\t\t\theight=\"80\"\n\t\t\t\t\tstyle=\"max-width:100%;\"\n\t\t\t\t\/>\n\t\t\t<\/a>\n\t\t<\/div>\n\t\t\t\t\t\t\t<\/div> \n\t\t\t\n\t\t\t\t\t\t\t\n\t\t\n\t\t<!-- Pagination -->\n\t\t<div class='ngg-clear'><\/div>\t<\/div>\n<\/p>\n","protected":false},"excerpt":{"rendered":"<p>La Obra Salesiana General Belgrano se ubica en calle Chacabuco y General Paz, en San Miguel de Tucum\u00e1n. RECORRIDO 360\u00b0 GRADOS La mayor parte de la infraestructura de la Obra est\u00e1 destinada al Colegio, con dos plantas y con 24 aulas distribuidas entre el Nivel Inicial, Primario y Secundario. Con Salas de Maestros, Profesores, Preceptores, &hellip; <a href=\"https:\/\/www.salesianobelgrano.edu.ar\/?page_id=59\" class=\"more-link\">Sigue leyendo <span class=\"screen-reader-text\">Infraestructura<\/span><\/a><\/p>\n","protected":false},"author":1,"featured_media":0,"parent":46,"menu_order":0,"comment_status":"open","ping_status":"open","template":"","meta":{"ngg_post_thumbnail":0,"footnotes":""},"class_list":["post-59","page","type-page","status-publish","hentry"],"_links":{"self":[{"href":"https:\/\/www.salesianobelgrano.edu.ar\/index.php?rest_route=\/wp\/v2\/pages\/59","targetHints":{"allow":["GET"]}}],"collection":[{"href":"https:\/\/www.salesianobelgrano.edu.ar\/index.php?rest_route=\/wp\/v2\/pages"}],"about":[{"href":"https:\/\/www.salesianobelgrano.edu.ar\/index.php?rest_route=\/wp\/v2\/types\/page"}],"author":[{"embeddable":true,"href":"https:\/\/www.salesianobelgrano.edu.ar\/index.php?rest_route=\/wp\/v2\/users\/1"}],"replies":[{"embeddable":true,"href":"https:\/\/www.salesianobelgrano.edu.ar\/index.php?rest_route=%2Fwp%2Fv2%2Fcomments&post=59"}],"version-history":[{"count":9,"href":"https:\/\/www.salesianobelgrano.edu.ar\/index.php?rest_route=\/wp\/v2\/pages\/59\/revisions"}],"predecessor-version":[{"id":2430,"href":"https:\/\/www.salesianobelgrano.edu.ar\/index.php?rest_route=\/wp\/v2\/pages\/59\/revisions\/2430"}],"up":[{"embeddable":true,"href":"https:\/\/www.salesianobelgrano.edu.ar\/index.php?rest_route=\/wp\/v2\/pages\/46"}],"wp:attachment":[{"href":"https:\/\/www.salesianobelgrano.edu.ar\/index.php?rest_route=%2Fwp%2Fv2%2Fmedia&parent=59"}],"curies":[{"name":"wp","href":"https:\/\/api.w.org\/{rel}","templated":true}]}}