{"id":73,"date":"2015-04-30T19:41:03","date_gmt":"2015-04-30T19:41:03","guid":{"rendered":"http:\/\/www.salesianobelgrano.edu.ar\/?page_id=73"},"modified":"2015-10-17T00:08:21","modified_gmt":"2015-10-17T00:08:21","slug":"mision-y-vision","status":"publish","type":"page","link":"https:\/\/www.salesianobelgrano.edu.ar\/?page_id=73","title":{"rendered":"Misi\u00f3n y Visi\u00f3n"},"content":{"rendered":"<p>La Misi\u00f3n y Visi\u00f3n de la Obra Salesiana General Belgrano fue redactada en comunidad y aprobada en reuni\u00f3n ordinaria del Consejo de Obra el 30 de julio, del a\u00f1o del bicentenario del nacimiento de San Juan Bosco.<\/p>\n<p><strong>MISI\u00d3N<\/strong><br \/>\n\u201cLa misi\u00f3n de la obra salesiana general Belgrano, es \u00a0formar buenos cristianos y honrados ciudadanos.\u00a0Siendo sus destinatarios los ni\u00f1os y j\u00f3venes provenientes de diferentes realidades sociales, centro mismo del proceso educativo pastoral, viviendo en comunidad el Evangelio desde nuestro carisma salesiano y el sistema preventivo de Don Bosco.\u201d<\/p>\n<p><strong>VISI\u00d3N<\/strong><br \/>\n\u201cLa obra salesiana General Belgrano, anhela educar con una visi\u00f3n cristiana de los saberes desde el carisma salesiano, a ni\u00f1os y j\u00f3venes, especialmente los m\u00e1s pobres y abandonados.\u00a0En comuni\u00f3n de esp\u00edritu eclesial, comprometida por el bien com\u00fan, promoviendo el valor de la solidaridad inspirado y guiado por el Evangelio, cuidando y respetando los procesos de desarrollo personal y comunitario.\u201d<\/p>\n","protected":false},"excerpt":{"rendered":"<p>La Misi\u00f3n y Visi\u00f3n de la Obra Salesiana General Belgrano fue redactada en comunidad y aprobada en reuni\u00f3n ordinaria del Consejo de Obra el 30 de julio, del a\u00f1o del bicentenario del nacimiento de San Juan Bosco. MISI\u00d3N \u201cLa misi\u00f3n de la obra salesiana general Belgrano, es \u00a0formar buenos cristianos y honrados ciudadanos.\u00a0Siendo sus destinatarios &hellip; <a href=\"https:\/\/www.salesianobelgrano.edu.ar\/?page_id=73\" class=\"more-link\">Sigue leyendo <span class=\"screen-reader-text\">Misi\u00f3n y Visi\u00f3n<\/span><\/a><\/p>\n","protected":false},"author":1,"featured_media":0,"parent":71,"menu_order":0,"comment_status":"open","ping_status":"open","template":"","meta":{"ngg_post_thumbnail":0,"footnotes":""},"class_list":["post-73","page","type-page","status-publish","hentry"],"_links":{"self":[{"href":"https:\/\/www.salesianobelgrano.edu.ar\/index.php?rest_route=\/wp\/v2\/pages\/73","targetHints":{"allow":["GET"]}}],"collection":[{"href":"https:\/\/www.salesianobelgrano.edu.ar\/index.php?rest_route=\/wp\/v2\/pages"}],"about":[{"href":"https:\/\/www.salesianobelgrano.edu.ar\/index.php?rest_route=\/wp\/v2\/types\/page"}],"author":[{"embeddable":true,"href":"https:\/\/www.salesianobelgrano.edu.ar\/index.php?rest_route=\/wp\/v2\/users\/1"}],"replies":[{"embeddable":true,"href":"https:\/\/www.salesianobelgrano.edu.ar\/index.php?rest_route=%2Fwp%2Fv2%2Fcomments&post=73"}],"version-history":[{"count":10,"href":"https:\/\/www.salesianobelgrano.edu.ar\/index.php?rest_route=\/wp\/v2\/pages\/73\/revisions"}],"predecessor-version":[{"id":1075,"href":"https:\/\/www.salesianobelgrano.edu.ar\/index.php?rest_route=\/wp\/v2\/pages\/73\/revisions\/1075"}],"up":[{"embeddable":true,"href":"https:\/\/www.salesianobelgrano.edu.ar\/index.php?rest_route=\/wp\/v2\/pages\/71"}],"wp:attachment":[{"href":"https:\/\/www.salesianobelgrano.edu.ar\/index.php?rest_route=%2Fwp%2Fv2%2Fmedia&parent=73"}],"curies":[{"name":"wp","href":"https:\/\/api.w.org\/{rel}","templated":true}]}}