{"id":84,"date":"2015-04-30T19:45:43","date_gmt":"2015-04-30T19:45:43","guid":{"rendered":"http:\/\/www.salesianobelgrano.edu.ar\/?page_id=84"},"modified":"2015-05-31T14:30:15","modified_gmt":"2015-05-31T14:30:15","slug":"nivel-primario","status":"publish","type":"page","link":"https:\/\/www.salesianobelgrano.edu.ar\/?page_id=84","title":{"rendered":"Nivel Primario"},"content":{"rendered":"<p><strong>ESTRUCTURA CURRICULAR DEL NIVEL PRIMARIO<\/strong><\/p>\n<p>La estructura curricular con la cantidad de carga horaria es la siguiente:<\/p>\n<p style=\"text-align: left;\"><a href=\"http:\/\/www.salesianobelgrano.edu.ar\/wp-content\/uploads\/2015\/04\/horarios-nivel-primario.jpg\"><img loading=\"lazy\" decoding=\"async\" class=\" size-full wp-image-783 aligncenter\" src=\"http:\/\/www.salesianobelgrano.edu.ar\/wp-content\/uploads\/2015\/04\/horarios-nivel-primario.jpg\" alt=\"horarios-nivel-primario\" width=\"564\" height=\"434\" srcset=\"https:\/\/www.salesianobelgrano.edu.ar\/wp-content\/uploads\/2015\/04\/horarios-nivel-primario.jpg 564w, https:\/\/www.salesianobelgrano.edu.ar\/wp-content\/uploads\/2015\/04\/horarios-nivel-primario-300x231.jpg 300w\" sizes=\"auto, (max-width: 564px) 100vw, 564px\" \/><\/a><br \/>\nPara la elaboraci\u00f3n de planificaciones de todas las \u00e1reas curriculares se trabaja con los Dise\u00f1os Curriculares de la Provincia y los N\u00facleos de Aprendizaje Prioritarios (NAP).<\/p>\n<p>Los espacios institucionales est\u00e1n delimitados seg\u00fan el nivel de ense\u00f1anza y adecuados a los mismos.<\/p>\n<p>&nbsp;<\/p>\n","protected":false},"excerpt":{"rendered":"<p>ESTRUCTURA CURRICULAR DEL NIVEL PRIMARIO La estructura curricular con la cantidad de carga horaria es la siguiente: Para la elaboraci\u00f3n de planificaciones de todas las \u00e1reas curriculares se trabaja con los Dise\u00f1os Curriculares de la Provincia y los N\u00facleos de Aprendizaje Prioritarios (NAP). Los espacios institucionales est\u00e1n delimitados seg\u00fan el nivel de ense\u00f1anza y adecuados &hellip; <a href=\"https:\/\/www.salesianobelgrano.edu.ar\/?page_id=84\" class=\"more-link\">Sigue leyendo <span class=\"screen-reader-text\">Nivel Primario<\/span><\/a><\/p>\n","protected":false},"author":1,"featured_media":0,"parent":80,"menu_order":0,"comment_status":"open","ping_status":"open","template":"","meta":{"ngg_post_thumbnail":0,"footnotes":""},"class_list":["post-84","page","type-page","status-publish","hentry"],"_links":{"self":[{"href":"https:\/\/www.salesianobelgrano.edu.ar\/index.php?rest_route=\/wp\/v2\/pages\/84","targetHints":{"allow":["GET"]}}],"collection":[{"href":"https:\/\/www.salesianobelgrano.edu.ar\/index.php?rest_route=\/wp\/v2\/pages"}],"about":[{"href":"https:\/\/www.salesianobelgrano.edu.ar\/index.php?rest_route=\/wp\/v2\/types\/page"}],"author":[{"embeddable":true,"href":"https:\/\/www.salesianobelgrano.edu.ar\/index.php?rest_route=\/wp\/v2\/users\/1"}],"replies":[{"embeddable":true,"href":"https:\/\/www.salesianobelgrano.edu.ar\/index.php?rest_route=%2Fwp%2Fv2%2Fcomments&post=84"}],"version-history":[{"count":7,"href":"https:\/\/www.salesianobelgrano.edu.ar\/index.php?rest_route=\/wp\/v2\/pages\/84\/revisions"}],"predecessor-version":[{"id":784,"href":"https:\/\/www.salesianobelgrano.edu.ar\/index.php?rest_route=\/wp\/v2\/pages\/84\/revisions\/784"}],"up":[{"embeddable":true,"href":"https:\/\/www.salesianobelgrano.edu.ar\/index.php?rest_route=\/wp\/v2\/pages\/80"}],"wp:attachment":[{"href":"https:\/\/www.salesianobelgrano.edu.ar\/index.php?rest_route=%2Fwp%2Fv2%2Fmedia&parent=84"}],"curies":[{"name":"wp","href":"https:\/\/api.w.org\/{rel}","templated":true}]}}