{"id":86,"date":"2015-04-30T19:46:37","date_gmt":"2015-04-30T19:46:37","guid":{"rendered":"http:\/\/www.salesianobelgrano.edu.ar\/?page_id=86"},"modified":"2020-09-07T19:38:18","modified_gmt":"2020-09-07T19:38:18","slug":"nivel-secundario","status":"publish","type":"page","link":"https:\/\/www.salesianobelgrano.edu.ar\/?page_id=86","title":{"rendered":"Nivel Secundario"},"content":{"rendered":"<p>El Nivel Secundario del Colegio Salesiano General Belgrano ofrece, a partir del a\u00f1o 2015, dos orientaciones como parte de la oferta acad\u00e9mica para sus alumnos:<\/p>\n<ul>\n<li>Orientaci\u00f3n en Ciencias Sociales, brindada&nbsp;desde la implementaci\u00f3n de la educaci\u00f3n polimodal.<\/li>\n<li>Orientaci\u00f3n en Ciencias Naturales, que comenz\u00f3 a implementarse gracias a&nbsp;la incorporaci\u00f3n de divisiones en el Ciclo Orientado.<\/li>\n<\/ul>\n<p>Ambas propuestas se encuentran especificadas en la Resoluci\u00f3n del Consejo Federal de Educaci\u00f3n 84\/09 \u2013 art. 58 y en la Resoluci\u00f3n ministerial 304\/5 de Educaci\u00f3n Media del Ministerio de Educaci\u00f3n de la Provincia de Tucum\u00e1n (anexo 3), en la cual tambi\u00e9n se especifican a la luz de la pol\u00edtica educativa actual, las concepciones que desarrolla el estado sobre ense\u00f1anza, aprendizaje, conocimiento y evaluaci\u00f3n; como as\u00ed tambi\u00e9n, la propuesta de Ense\u00f1anza disciplinar, talleres experienciales, propuestas de ense\u00f1anza multidisciplinares, seminarios tem\u00e1ticos intensivos y jornadas de profundizaci\u00f3n tem\u00e1tica. Todas estas propuestas se est\u00e1n analizando en la actualidad, de manera de poder, a trav\u00e9s de un proceso gradual y sistem\u00e1tico, imbricarlas de forma natural en la experiencia educativa institucional actual.<\/p>\n<ul>\n<li>\n<h4><strong><a href=\"http:\/\/www.salesianobelgrano.edu.ar\/colegio\/niveles-educativos\/nivel-secundario\/orientacion-ciencias-naturales\/\">Fundamentaci\u00f3n Orientaci\u00f3n Ciencias Naturales<\/a><\/strong><\/h4>\n<\/li>\n<li>\n<h4><strong><a href=\"http:\/\/www.salesianobelgrano.edu.ar\/colegio\/niveles-educativos\/nivel-secundario\/orientacion-humanidades-y-ciencias-sociales\/\">Fundamentaci\u00f3n Orientaci\u00f3n Humanidades y Ciencias Sociales<\/a><\/strong><\/h4>\n<\/li>\n<\/ul>\n<p><strong><br \/>\nESTRUCTURA CURRICULAR DEL NIVEL SECUNDARIO<br \/>\n<\/strong><a href=\"http:\/\/www.salesianobelgrano.edu.ar\/wp-content\/uploads\/2020\/09\/Plan-de-Estudio.jpeg\"><img loading=\"lazy\" decoding=\"async\" class=\"size-large wp-image-5712 aligncenter\" src=\"http:\/\/www.salesianobelgrano.edu.ar\/wp-content\/uploads\/2020\/09\/Plan-de-Estudio-816x1024.jpeg\" alt=\"\" width=\"618\" height=\"776\" srcset=\"https:\/\/www.salesianobelgrano.edu.ar\/wp-content\/uploads\/2020\/09\/Plan-de-Estudio-816x1024.jpeg 816w, https:\/\/www.salesianobelgrano.edu.ar\/wp-content\/uploads\/2020\/09\/Plan-de-Estudio-239x300.jpeg 239w, https:\/\/www.salesianobelgrano.edu.ar\/wp-content\/uploads\/2020\/09\/Plan-de-Estudio-768x964.jpeg 768w, https:\/\/www.salesianobelgrano.edu.ar\/wp-content\/uploads\/2020\/09\/Plan-de-Estudio-600x753.jpeg 600w, https:\/\/www.salesianobelgrano.edu.ar\/wp-content\/uploads\/2020\/09\/Plan-de-Estudio.jpeg 936w\" sizes=\"auto, (max-width: 618px) 100vw, 618px\" \/><\/a><\/p>\n<p style=\"text-align: center;\">&nbsp;<\/p>\n","protected":false},"excerpt":{"rendered":"<p>El Nivel Secundario del Colegio Salesiano General Belgrano ofrece, a partir del a\u00f1o 2015, dos orientaciones como parte de la oferta acad\u00e9mica para sus alumnos: Orientaci\u00f3n en Ciencias Sociales, brindada&nbsp;desde la implementaci\u00f3n de la educaci\u00f3n polimodal. Orientaci\u00f3n en Ciencias Naturales, que comenz\u00f3 a implementarse gracias a&nbsp;la incorporaci\u00f3n de divisiones en el Ciclo Orientado. Ambas propuestas &hellip; <a href=\"https:\/\/www.salesianobelgrano.edu.ar\/?page_id=86\" class=\"more-link\">Sigue leyendo <span class=\"screen-reader-text\">Nivel Secundario<\/span><\/a><\/p>\n","protected":false},"author":1,"featured_media":0,"parent":80,"menu_order":0,"comment_status":"open","ping_status":"open","template":"","meta":{"ngg_post_thumbnail":0,"footnotes":""},"class_list":["post-86","page","type-page","status-publish","hentry"],"_links":{"self":[{"href":"https:\/\/www.salesianobelgrano.edu.ar\/index.php?rest_route=\/wp\/v2\/pages\/86","targetHints":{"allow":["GET"]}}],"collection":[{"href":"https:\/\/www.salesianobelgrano.edu.ar\/index.php?rest_route=\/wp\/v2\/pages"}],"about":[{"href":"https:\/\/www.salesianobelgrano.edu.ar\/index.php?rest_route=\/wp\/v2\/types\/page"}],"author":[{"embeddable":true,"href":"https:\/\/www.salesianobelgrano.edu.ar\/index.php?rest_route=\/wp\/v2\/users\/1"}],"replies":[{"embeddable":true,"href":"https:\/\/www.salesianobelgrano.edu.ar\/index.php?rest_route=%2Fwp%2Fv2%2Fcomments&post=86"}],"version-history":[{"count":20,"href":"https:\/\/www.salesianobelgrano.edu.ar\/index.php?rest_route=\/wp\/v2\/pages\/86\/revisions"}],"predecessor-version":[{"id":5714,"href":"https:\/\/www.salesianobelgrano.edu.ar\/index.php?rest_route=\/wp\/v2\/pages\/86\/revisions\/5714"}],"up":[{"embeddable":true,"href":"https:\/\/www.salesianobelgrano.edu.ar\/index.php?rest_route=\/wp\/v2\/pages\/80"}],"wp:attachment":[{"href":"https:\/\/www.salesianobelgrano.edu.ar\/index.php?rest_route=%2Fwp%2Fv2%2Fmedia&parent=86"}],"curies":[{"name":"wp","href":"https:\/\/api.w.org\/{rel}","templated":true}]}}