{"id":97,"date":"2015-04-30T19:49:23","date_gmt":"2015-04-30T19:49:23","guid":{"rendered":"http:\/\/www.salesianobelgrano.edu.ar\/?page_id=97"},"modified":"2016-02-20T12:58:33","modified_gmt":"2016-02-20T12:58:33","slug":"recursos-humanos","status":"publish","type":"page","link":"https:\/\/www.salesianobelgrano.edu.ar\/?page_id=97","title":{"rendered":"Recursos Humanos"},"content":{"rendered":"<p><strong>PERFIL DEL DOCENTE SALESIANO<\/strong><br \/>\nEl docente salesiano, consciente de su misi\u00f3n educativa y evangelizadora, se compromete en su accionar cotidiano a poder mirar y estar presente en la realidad de cada alumno. Con una presencia c\u00e1lida y cercana que hace que los chicos se sientan amados personalmente, capaz de aceptar y promoverlos desde la realidad en que se encuentran y ayudarlos a desarrollar plenamente sus potencialidades.<\/p>\n<p>Dispuesto a trabajar en equipo con una actitud de di\u00e1logo constructivo buscando la soluci\u00f3n pac\u00edfica de los conflictos, con una mirada positiva hacia las personas y el mundo.<\/p>\n<p>Debe ser competente en su \u00e1rea e interesado en su capacitaci\u00f3n y formaci\u00f3n permanente, dispuesto a aprender con sus pares y alumnos, a autoevaluarse constantemente y a aceptar la evaluaci\u00f3n que puede provenir de otros.<\/p>\n<p><strong>\u00c1REA DE RECURSOS HUMANOS<\/strong><br \/>\nEsta \u00e1rea est\u00e1 incorporada al Departamento de Orientaci\u00f3n escolar. La misma tiene como objetivo conformar una base de datos de profesionales interesados en formar parte de la Comunidad del Colegio Salesiano General Belgrano.<\/p>\n<p>Los interesados deber\u00e1n comunicarse a trav\u00e9s de la siguiente casilla de correo <strong>colecatoli@gmail.com<\/strong>\u00a0explicitando\u00a0en \u201casunto\u201d el \u00e1rea a la que se postula.<\/p>\n","protected":false},"excerpt":{"rendered":"<p>PERFIL DEL DOCENTE SALESIANO El docente salesiano, consciente de su misi\u00f3n educativa y evangelizadora, se compromete en su accionar cotidiano a poder mirar y estar presente en la realidad de cada alumno. Con una presencia c\u00e1lida y cercana que hace que los chicos se sientan amados personalmente, capaz de aceptar y promoverlos desde la realidad &hellip; <a href=\"https:\/\/www.salesianobelgrano.edu.ar\/?page_id=97\" class=\"more-link\">Sigue leyendo <span class=\"screen-reader-text\">Recursos Humanos<\/span><\/a><\/p>\n","protected":false},"author":1,"featured_media":0,"parent":71,"menu_order":0,"comment_status":"open","ping_status":"open","template":"","meta":{"ngg_post_thumbnail":0,"footnotes":""},"class_list":["post-97","page","type-page","status-publish","hentry"],"_links":{"self":[{"href":"https:\/\/www.salesianobelgrano.edu.ar\/index.php?rest_route=\/wp\/v2\/pages\/97","targetHints":{"allow":["GET"]}}],"collection":[{"href":"https:\/\/www.salesianobelgrano.edu.ar\/index.php?rest_route=\/wp\/v2\/pages"}],"about":[{"href":"https:\/\/www.salesianobelgrano.edu.ar\/index.php?rest_route=\/wp\/v2\/types\/page"}],"author":[{"embeddable":true,"href":"https:\/\/www.salesianobelgrano.edu.ar\/index.php?rest_route=\/wp\/v2\/users\/1"}],"replies":[{"embeddable":true,"href":"https:\/\/www.salesianobelgrano.edu.ar\/index.php?rest_route=%2Fwp%2Fv2%2Fcomments&post=97"}],"version-history":[{"count":8,"href":"https:\/\/www.salesianobelgrano.edu.ar\/index.php?rest_route=\/wp\/v2\/pages\/97\/revisions"}],"predecessor-version":[{"id":1384,"href":"https:\/\/www.salesianobelgrano.edu.ar\/index.php?rest_route=\/wp\/v2\/pages\/97\/revisions\/1384"}],"up":[{"embeddable":true,"href":"https:\/\/www.salesianobelgrano.edu.ar\/index.php?rest_route=\/wp\/v2\/pages\/71"}],"wp:attachment":[{"href":"https:\/\/www.salesianobelgrano.edu.ar\/index.php?rest_route=%2Fwp%2Fv2%2Fmedia&parent=97"}],"curies":[{"name":"wp","href":"https:\/\/api.w.org\/{rel}","templated":true}]}}